{"id":952,"date":"2022-03-15T20:28:54","date_gmt":"2022-03-15T20:28:54","guid":{"rendered":"http:\/\/isabelbertelotpeintre.com\/?page_id=952"},"modified":"2023-10-11T16:09:49","modified_gmt":"2023-10-11T16:09:49","slug":"bestiaire","status":"publish","type":"page","link":"https:\/\/isabelbertelotpeintre.com\/?page_id=952","title":{"rendered":"Bestiaire"},"content":{"rendered":"\t\t<div data-elementor-type=\"wp-page\" data-elementor-id=\"952\" class=\"elementor elementor-952\" data-elementor-post-type=\"page\">\n\t\t\t\t\t\t<section class=\"elementor-section elementor-top-section elementor-element elementor-element-5d2fd3a elementor-section-boxed elementor-section-height-default elementor-section-height-default\" data-id=\"5d2fd3a\" data-element_type=\"section\" data-e-type=\"section\">\n\t\t\t\t\t\t<div class=\"elementor-container elementor-column-gap-default\">\n\t\t\t\t\t<div class=\"elementor-column elementor-col-50 elementor-top-column elementor-element elementor-element-7950ed3\" data-id=\"7950ed3\" data-element_type=\"column\" data-e-type=\"column\">\n\t\t\t<div class=\"elementor-widget-wrap elementor-element-populated\">\n\t\t\t\t\t\t<div class=\"elementor-element elementor-element-a687448 elementor-widget elementor-widget-text-editor\" data-id=\"a687448\" data-element_type=\"widget\" data-e-type=\"widget\" data-widget_type=\"text-editor.default\">\n\t\t\t\t<div class=\"elementor-widget-container\">\n\t\t\t\t\t\t\t\t\t<p><strong>Bestiaire &amp; autres Chim\u00e8res est un projet global, li\u00e9 \u00e0 la th\u00e9matique transversale de l\u2019Animalit\u00e9 <br \/>au sens large, r\u00e9elle ou fantastique, figurative <br \/>ou transfigur\u00e9e, l\u00e9gendaire ou contemporaine. <br \/>Il est destin\u00e9 \u00e0 se d\u00e9velopper vers d\u2019autres ailleurs, \u00e0 travers de multiples contr\u00e9es, m\u00e9diums\u00a0et cr\u00e9ateurs, amen\u00e9 \u00e0 s\u2019incarner sous toutes les hybridations possibles, \u00e0 l\u2019instar des Chim\u00e8res, dont il tire inspiration.\u00a0<\/strong><strong>Il aborde ainsi le champ du normal et de l\u2019anormal, la lisi\u00e8re fragile entre le r\u00e9el et l\u2019imaginaire, le profane <br \/><\/strong><strong>et le sacr\u00e9, la bestialit\u00e9\u00a0<\/strong><strong>et l\u2019humanit\u00e9, la beaut\u00e9 ou la monstruosit\u00e9, les fantasmes et cr\u00e9atures issus de nos mondes int\u00e9rieurs et ext\u00e9rieurs, miroirs de nos m\u00e9tamorphoses et mixit\u00e9s infinies \u2026 \u00a0ci dessous : Sphinx Assyrien, Centaure, Griffon, Dragon<\/strong><\/p>\t\t\t\t\t\t\t\t<\/div>\n\t\t\t\t<\/div>\n\t\t\t\t\t<\/div>\n\t\t<\/div>\n\t\t\t\t<div class=\"elementor-column elementor-col-50 elementor-top-column elementor-element elementor-element-7e55b5d\" data-id=\"7e55b5d\" data-element_type=\"column\" data-e-type=\"column\">\n\t\t\t<div class=\"elementor-widget-wrap elementor-element-populated\">\n\t\t\t\t\t\t<div class=\"elementor-element elementor-element-729a61c elementor-widget elementor-widget-image\" data-id=\"729a61c\" data-element_type=\"widget\" data-e-type=\"widget\" data-widget_type=\"image.default\">\n\t\t\t\t<div class=\"elementor-widget-container\">\n\t\t\t\t\t\t\t\t\t\t\t\t\t\t\t<img fetchpriority=\"high\" decoding=\"async\" width=\"806\" height=\"1024\" src=\"https:\/\/isabelbertelotpeintre.com\/wp-content\/uploads\/2022\/03\/Tirage-pour-Expo-Affiche47x37-806x1024.jpg\" class=\"attachment-large size-large wp-image-981\" alt=\"\" srcset=\"https:\/\/isabelbertelotpeintre.com\/wp-content\/uploads\/2022\/03\/Tirage-pour-Expo-Affiche47x37-806x1024.jpg 806w, https:\/\/isabelbertelotpeintre.com\/wp-content\/uploads\/2022\/03\/Tirage-pour-Expo-Affiche47x37-236x300.jpg 236w, https:\/\/isabelbertelotpeintre.com\/wp-content\/uploads\/2022\/03\/Tirage-pour-Expo-Affiche47x37-768x976.jpg 768w, https:\/\/isabelbertelotpeintre.com\/wp-content\/uploads\/2022\/03\/Tirage-pour-Expo-Affiche47x37-1209x1536.jpg 1209w, https:\/\/isabelbertelotpeintre.com\/wp-content\/uploads\/2022\/03\/Tirage-pour-Expo-Affiche47x37-1612x2048.jpg 1612w, https:\/\/isabelbertelotpeintre.com\/wp-content\/uploads\/2022\/03\/Tirage-pour-Expo-Affiche47x37-2000x2541.jpg 2000w, https:\/\/isabelbertelotpeintre.com\/wp-content\/uploads\/2022\/03\/Tirage-pour-Expo-Affiche47x37-scaled.jpg 2015w\" sizes=\"100vw\" \/>\t\t\t\t\t\t\t\t\t\t\t\t\t\t\t<\/div>\n\t\t\t\t<\/div>\n\t\t\t\t\t<\/div>\n\t\t<\/div>\n\t\t\t\t\t<\/div>\n\t\t<\/section>\n\t\t\t\t<section class=\"elementor-section elementor-top-section elementor-element elementor-element-0c11b14 elementor-section-boxed elementor-section-height-default elementor-section-height-default\" data-id=\"0c11b14\" data-element_type=\"section\" data-e-type=\"section\">\n\t\t\t\t\t\t<div class=\"elementor-container elementor-column-gap-default\">\n\t\t\t\t\t<div class=\"elementor-column elementor-col-100 elementor-top-column elementor-element elementor-element-6ff4a47\" data-id=\"6ff4a47\" data-element_type=\"column\" data-e-type=\"column\">\n\t\t\t<div class=\"elementor-widget-wrap elementor-element-populated\">\n\t\t\t\t\t\t<div class=\"elementor-element elementor-element-7f704e3 elementor-widget elementor-widget-image\" data-id=\"7f704e3\" data-element_type=\"widget\" data-e-type=\"widget\" data-widget_type=\"image.default\">\n\t\t\t\t<div class=\"elementor-widget-container\">\n\t\t\t\t\t\t\t\t\t\t\t\t\t\t\t<img decoding=\"async\" width=\"950\" height=\"967\" src=\"https:\/\/isabelbertelotpeintre.com\/wp-content\/uploads\/2022\/05\/Griffon-assyrien-200-1006x1024.jpg\" class=\"attachment-large size-large wp-image-1319\" alt=\"\" srcset=\"https:\/\/isabelbertelotpeintre.com\/wp-content\/uploads\/2022\/05\/Griffon-assyrien-200-1006x1024.jpg 1006w, https:\/\/isabelbertelotpeintre.com\/wp-content\/uploads\/2022\/05\/Griffon-assyrien-200-295x300.jpg 295w, https:\/\/isabelbertelotpeintre.com\/wp-content\/uploads\/2022\/05\/Griffon-assyrien-200-768x782.jpg 768w, https:\/\/isabelbertelotpeintre.com\/wp-content\/uploads\/2022\/05\/Griffon-assyrien-200-1508x1536.jpg 1508w, https:\/\/isabelbertelotpeintre.com\/wp-content\/uploads\/2022\/05\/Griffon-assyrien-200.jpg 1526w\" sizes=\"100vw\" \/>\t\t\t\t\t\t\t\t\t\t\t\t\t\t\t<\/div>\n\t\t\t\t<\/div>\n\t\t\t\t\t<\/div>\n\t\t<\/div>\n\t\t\t\t\t<\/div>\n\t\t<\/section>\n\t\t\t\t<section class=\"elementor-section elementor-top-section elementor-element elementor-element-9fbae6e elementor-section-boxed elementor-section-height-default elementor-section-height-default\" data-id=\"9fbae6e\" data-element_type=\"section\" data-e-type=\"section\">\n\t\t\t\t\t\t<div class=\"elementor-container elementor-column-gap-default\">\n\t\t\t\t\t<div class=\"elementor-column elementor-col-100 elementor-top-column elementor-element elementor-element-cb14919\" data-id=\"cb14919\" data-element_type=\"column\" data-e-type=\"column\">\n\t\t\t<div class=\"elementor-widget-wrap elementor-element-populated\">\n\t\t\t\t\t\t<div class=\"elementor-element elementor-element-da5c4a1 elementor-widget elementor-widget-image\" data-id=\"da5c4a1\" data-element_type=\"widget\" data-e-type=\"widget\" data-widget_type=\"image.default\">\n\t\t\t\t<div class=\"elementor-widget-container\">\n\t\t\t\t\t\t\t\t\t\t\t\t\t\t\t<img decoding=\"async\" width=\"790\" height=\"1024\" src=\"https:\/\/isabelbertelotpeintre.com\/wp-content\/uploads\/2022\/05\/Centaure-300-162x21-a-agrandir--790x1024.jpg\" class=\"attachment-large size-large wp-image-1336\" alt=\"\" srcset=\"https:\/\/isabelbertelotpeintre.com\/wp-content\/uploads\/2022\/05\/Centaure-300-162x21-a-agrandir--790x1024.jpg 790w, https:\/\/isabelbertelotpeintre.com\/wp-content\/uploads\/2022\/05\/Centaure-300-162x21-a-agrandir--231x300.jpg 231w, https:\/\/isabelbertelotpeintre.com\/wp-content\/uploads\/2022\/05\/Centaure-300-162x21-a-agrandir--768x996.jpg 768w, https:\/\/isabelbertelotpeintre.com\/wp-content\/uploads\/2022\/05\/Centaure-300-162x21-a-agrandir--1185x1536.jpg 1185w, https:\/\/isabelbertelotpeintre.com\/wp-content\/uploads\/2022\/05\/Centaure-300-162x21-a-agrandir--1580x2048.jpg 1580w, https:\/\/isabelbertelotpeintre.com\/wp-content\/uploads\/2022\/05\/Centaure-300-162x21-a-agrandir-.jpg 1913w\" sizes=\"100vw\" \/>\t\t\t\t\t\t\t\t\t\t\t\t\t\t\t<\/div>\n\t\t\t\t<\/div>\n\t\t\t\t\t<\/div>\n\t\t<\/div>\n\t\t\t\t\t<\/div>\n\t\t<\/section>\n\t\t\t\t<section class=\"elementor-section elementor-top-section elementor-element elementor-element-6e5d18a elementor-section-boxed elementor-section-height-default elementor-section-height-default\" data-id=\"6e5d18a\" data-element_type=\"section\" data-e-type=\"section\">\n\t\t\t\t\t\t<div class=\"elementor-container elementor-column-gap-default\">\n\t\t\t\t\t<div class=\"elementor-column elementor-col-50 elementor-top-column elementor-element elementor-element-9998479\" data-id=\"9998479\" data-element_type=\"column\" data-e-type=\"column\">\n\t\t\t<div class=\"elementor-widget-wrap elementor-element-populated\">\n\t\t\t\t\t\t<div class=\"elementor-element elementor-element-bd27ac3 elementor-widget elementor-widget-image\" data-id=\"bd27ac3\" data-element_type=\"widget\" data-e-type=\"widget\" data-widget_type=\"image.default\">\n\t\t\t\t<div class=\"elementor-widget-container\">\n\t\t\t\t\t\t\t\t\t\t\t\t\t\t\t<img loading=\"lazy\" decoding=\"async\" width=\"950\" height=\"950\" src=\"https:\/\/isabelbertelotpeintre.com\/wp-content\/uploads\/2022\/05\/Griffon-224-plein-25-x-25-300-1024x1024.jpg\" class=\"attachment-large size-large wp-image-1360\" alt=\"\" srcset=\"https:\/\/isabelbertelotpeintre.com\/wp-content\/uploads\/2022\/05\/Griffon-224-plein-25-x-25-300-1024x1024.jpg 1024w, https:\/\/isabelbertelotpeintre.com\/wp-content\/uploads\/2022\/05\/Griffon-224-plein-25-x-25-300-300x300.jpg 300w, https:\/\/isabelbertelotpeintre.com\/wp-content\/uploads\/2022\/05\/Griffon-224-plein-25-x-25-300-150x150.jpg 150w, https:\/\/isabelbertelotpeintre.com\/wp-content\/uploads\/2022\/05\/Griffon-224-plein-25-x-25-300-768x767.jpg 768w, https:\/\/isabelbertelotpeintre.com\/wp-content\/uploads\/2022\/05\/Griffon-224-plein-25-x-25-300-1536x1536.jpg 1536w, https:\/\/isabelbertelotpeintre.com\/wp-content\/uploads\/2022\/05\/Griffon-224-plein-25-x-25-300-2048x2048.jpg 2048w, https:\/\/isabelbertelotpeintre.com\/wp-content\/uploads\/2022\/05\/Griffon-224-plein-25-x-25-300-2000x1999.jpg 2000w\" sizes=\"100vw\" \/>\t\t\t\t\t\t\t\t\t\t\t\t\t\t\t<\/div>\n\t\t\t\t<\/div>\n\t\t\t\t\t<\/div>\n\t\t<\/div>\n\t\t\t\t<div class=\"elementor-column elementor-col-50 elementor-top-column elementor-element elementor-element-12e0817\" data-id=\"12e0817\" data-element_type=\"column\" data-e-type=\"column\">\n\t\t\t<div class=\"elementor-widget-wrap elementor-element-populated\">\n\t\t\t\t\t\t<div class=\"elementor-element elementor-element-769af36 elementor-widget elementor-widget-image\" data-id=\"769af36\" data-element_type=\"widget\" data-e-type=\"widget\" data-widget_type=\"image.default\">\n\t\t\t\t<div class=\"elementor-widget-container\">\n\t\t\t\t\t\t\t\t\t\t\t\t\t\t\t<img loading=\"lazy\" decoding=\"async\" width=\"950\" height=\"950\" src=\"https:\/\/isabelbertelotpeintre.com\/wp-content\/uploads\/2022\/03\/IMG_0102-1-1-1024x1024.jpg\" class=\"attachment-large size-large wp-image-975\" alt=\"\" srcset=\"https:\/\/isabelbertelotpeintre.com\/wp-content\/uploads\/2022\/03\/IMG_0102-1-1-1024x1024.jpg 1024w, https:\/\/isabelbertelotpeintre.com\/wp-content\/uploads\/2022\/03\/IMG_0102-1-1-300x300.jpg 300w, https:\/\/isabelbertelotpeintre.com\/wp-content\/uploads\/2022\/03\/IMG_0102-1-1-150x150.jpg 150w, https:\/\/isabelbertelotpeintre.com\/wp-content\/uploads\/2022\/03\/IMG_0102-1-1-768x768.jpg 768w, https:\/\/isabelbertelotpeintre.com\/wp-content\/uploads\/2022\/03\/IMG_0102-1-1-1536x1536.jpg 1536w, https:\/\/isabelbertelotpeintre.com\/wp-content\/uploads\/2022\/03\/IMG_0102-1-1-2048x2048.jpg 2048w, https:\/\/isabelbertelotpeintre.com\/wp-content\/uploads\/2022\/03\/IMG_0102-1-1-2000x2000.jpg 2000w\" sizes=\"100vw\" \/>\t\t\t\t\t\t\t\t\t\t\t\t\t\t\t<\/div>\n\t\t\t\t<\/div>\n\t\t\t\t\t<\/div>\n\t\t<\/div>\n\t\t\t\t\t<\/div>\n\t\t<\/section>\n\t\t\t\t<section class=\"elementor-section elementor-top-section elementor-element elementor-element-c6a171e elementor-section-boxed elementor-section-height-default elementor-section-height-default\" data-id=\"c6a171e\" data-element_type=\"section\" data-e-type=\"section\">\n\t\t\t\t\t\t<div class=\"elementor-container elementor-column-gap-default\">\n\t\t\t\t\t<div class=\"elementor-column elementor-col-100 elementor-top-column elementor-element elementor-element-d6b9dec\" data-id=\"d6b9dec\" data-element_type=\"column\" data-e-type=\"column\">\n\t\t\t<div class=\"elementor-widget-wrap\">\n\t\t\t\t\t\t\t<\/div>\n\t\t<\/div>\n\t\t\t\t\t<\/div>\n\t\t<\/section>\n\t\t\t\t<section class=\"elementor-section elementor-top-section elementor-element elementor-element-93908ac elementor-section-boxed elementor-section-height-default elementor-section-height-default\" data-id=\"93908ac\" data-element_type=\"section\" data-e-type=\"section\">\n\t\t\t\t\t\t<div class=\"elementor-container elementor-column-gap-default\">\n\t\t\t\t\t<div class=\"elementor-column elementor-col-100 elementor-top-column elementor-element elementor-element-e0b9f67\" data-id=\"e0b9f67\" data-element_type=\"column\" data-e-type=\"column\">\n\t\t\t<div class=\"elementor-widget-wrap elementor-element-populated\">\n\t\t\t\t\t\t<div class=\"elementor-element elementor-element-3459ab1 elementor-widget elementor-widget-image\" data-id=\"3459ab1\" data-element_type=\"widget\" data-e-type=\"widget\" data-widget_type=\"image.default\">\n\t\t\t\t<div class=\"elementor-widget-container\">\n\t\t\t\t\t\t\t\t\t\t\t\t\t\t\t<img loading=\"lazy\" decoding=\"async\" width=\"950\" height=\"948\" src=\"https:\/\/isabelbertelotpeintre.com\/wp-content\/uploads\/2022\/05\/IMG_4577-raw-vers-jpeg-100-1-1024x1022.jpg\" class=\"attachment-large size-large wp-image-1375\" alt=\"\" srcset=\"https:\/\/isabelbertelotpeintre.com\/wp-content\/uploads\/2022\/05\/IMG_4577-raw-vers-jpeg-100-1-1024x1022.jpg 1024w, https:\/\/isabelbertelotpeintre.com\/wp-content\/uploads\/2022\/05\/IMG_4577-raw-vers-jpeg-100-1-300x300.jpg 300w, https:\/\/isabelbertelotpeintre.com\/wp-content\/uploads\/2022\/05\/IMG_4577-raw-vers-jpeg-100-1-150x150.jpg 150w, https:\/\/isabelbertelotpeintre.com\/wp-content\/uploads\/2022\/05\/IMG_4577-raw-vers-jpeg-100-1-768x767.jpg 768w, https:\/\/isabelbertelotpeintre.com\/wp-content\/uploads\/2022\/05\/IMG_4577-raw-vers-jpeg-100-1-1536x1533.jpg 1536w, https:\/\/isabelbertelotpeintre.com\/wp-content\/uploads\/2022\/05\/IMG_4577-raw-vers-jpeg-100-1-2048x2045.jpg 2048w, https:\/\/isabelbertelotpeintre.com\/wp-content\/uploads\/2022\/05\/IMG_4577-raw-vers-jpeg-100-1-2000x1997.jpg 2000w\" sizes=\"100vw\" \/>\t\t\t\t\t\t\t\t\t\t\t\t\t\t\t<\/div>\n\t\t\t\t<\/div>\n\t\t\t\t<div class=\"elementor-element elementor-element-84edf57 elementor-widget elementor-widget-image\" data-id=\"84edf57\" data-element_type=\"widget\" data-e-type=\"widget\" data-widget_type=\"image.default\">\n\t\t\t\t<div class=\"elementor-widget-container\">\n\t\t\t\t\t\t\t\t\t\t\t\t\t\t\t<img loading=\"lazy\" decoding=\"async\" width=\"290\" height=\"1008\" src=\"https:\/\/isabelbertelotpeintre.com\/wp-content\/uploads\/2022\/05\/thumb_IMG_0077_1024-1.jpg\" class=\"attachment-large size-large wp-image-1267\" alt=\"\" srcset=\"https:\/\/isabelbertelotpeintre.com\/wp-content\/uploads\/2022\/05\/thumb_IMG_0077_1024-1.jpg 290w, https:\/\/isabelbertelotpeintre.com\/wp-content\/uploads\/2022\/05\/thumb_IMG_0077_1024-1-86x300.jpg 86w\" sizes=\"100vw\" \/>\t\t\t\t\t\t\t\t\t\t\t\t\t\t\t<\/div>\n\t\t\t\t<\/div>\n\t\t\t\t\t<\/div>\n\t\t<\/div>\n\t\t\t\t\t<\/div>\n\t\t<\/section>\n\t\t\t\t<\/div>\n\t\t","protected":false},"excerpt":{"rendered":"<p>Bestiaire &amp; autres Chim\u00e8res est un projet global, li\u00e9 \u00e0 la th\u00e9matique transversale de l\u2019Animalit\u00e9 au sens large, r\u00e9elle ou fantastique, figurative ou transfigur\u00e9e, l\u00e9gendaire ou contemporaine. Il est destin\u00e9 \u00e0 se d\u00e9velopper vers d\u2019autres ailleurs, \u00e0 travers de multiples contr\u00e9es, m\u00e9diums\u00a0et cr\u00e9ateurs, amen\u00e9 \u00e0 s\u2019incarner sous toutes les hybridations possibles, \u00e0 l\u2019instar des Chim\u00e8res, &hellip; <\/p>\n<p class=\"link-more\"><a href=\"https:\/\/isabelbertelotpeintre.com\/?page_id=952\" class=\"more-link\">Read more<span class=\"screen-reader-text\"> &#8220;Bestiaire&#8221;<\/span><\/a><\/p>\n","protected":false},"author":1,"featured_media":0,"parent":0,"menu_order":0,"comment_status":"closed","ping_status":"closed","template":"","meta":{"om_disable_all_campaigns":false,"_monsterinsights_skip_tracking":false,"_monsterinsights_sitenote_active":false,"_monsterinsights_sitenote_note":"","_monsterinsights_sitenote_category":0,"footnotes":""},"class_list":["post-952","page","type-page","status-publish","hentry"],"aioseo_notices":[],"_links":{"self":[{"href":"https:\/\/isabelbertelotpeintre.com\/index.php?rest_route=\/wp\/v2\/pages\/952","targetHints":{"allow":["GET"]}}],"collection":[{"href":"https:\/\/isabelbertelotpeintre.com\/index.php?rest_route=\/wp\/v2\/pages"}],"about":[{"href":"https:\/\/isabelbertelotpeintre.com\/index.php?rest_route=\/wp\/v2\/types\/page"}],"author":[{"embeddable":true,"href":"https:\/\/isabelbertelotpeintre.com\/index.php?rest_route=\/wp\/v2\/users\/1"}],"replies":[{"embeddable":true,"href":"https:\/\/isabelbertelotpeintre.com\/index.php?rest_route=%2Fwp%2Fv2%2Fcomments&post=952"}],"version-history":[{"count":87,"href":"https:\/\/isabelbertelotpeintre.com\/index.php?rest_route=\/wp\/v2\/pages\/952\/revisions"}],"predecessor-version":[{"id":1635,"href":"https:\/\/isabelbertelotpeintre.com\/index.php?rest_route=\/wp\/v2\/pages\/952\/revisions\/1635"}],"wp:attachment":[{"href":"https:\/\/isabelbertelotpeintre.com\/index.php?rest_route=%2Fwp%2Fv2%2Fmedia&parent=952"}],"curies":[{"name":"wp","href":"https:\/\/api.w.org\/{rel}","templated":true}]}}