{"id":773,"date":"2022-03-09T12:59:32","date_gmt":"2022-03-09T12:59:32","guid":{"rendered":"http:\/\/isabelbertelotpeintre.com\/?page_id=773"},"modified":"2022-03-09T21:29:39","modified_gmt":"2022-03-09T21:29:39","slug":"qui-suis-je-ou-vais-je","status":"publish","type":"page","link":"https:\/\/isabelbertelotpeintre.com\/?page_id=773","title":{"rendered":"Qui suis-je, o\u00f9 vais-je ?"},"content":{"rendered":"\t\t<div data-elementor-type=\"wp-page\" data-elementor-id=\"773\" class=\"elementor elementor-773\" data-elementor-post-type=\"page\">\n\t\t\t\t\t\t<section class=\"elementor-section elementor-top-section elementor-element elementor-element-67db4ad elementor-section-boxed elementor-section-height-default elementor-section-height-default\" data-id=\"67db4ad\" data-element_type=\"section\" data-e-type=\"section\">\n\t\t\t\t\t\t<div class=\"elementor-container elementor-column-gap-default\">\n\t\t\t\t\t<div class=\"elementor-column elementor-col-100 elementor-top-column elementor-element elementor-element-60b74fb\" data-id=\"60b74fb\" data-element_type=\"column\" data-e-type=\"column\">\n\t\t\t<div class=\"elementor-widget-wrap elementor-element-populated\">\n\t\t\t\t\t\t<div class=\"elementor-element elementor-element-d28db87 elementor-widget elementor-widget-text-editor\" data-id=\"d28db87\" data-element_type=\"widget\" data-e-type=\"widget\" data-widget_type=\"text-editor.default\">\n\t\t\t\t<div class=\"elementor-widget-container\">\n\t\t\t\t\t\t\t\t\t<p><strong><span style=\"font-family: verdana, geneva;\">Style<\/span><\/strong><\/p>\t\t\t\t\t\t\t\t<\/div>\n\t\t\t\t<\/div>\n\t\t\t\t\t<\/div>\n\t\t<\/div>\n\t\t\t\t\t<\/div>\n\t\t<\/section>\n\t\t\t\t<section class=\"elementor-section elementor-top-section elementor-element elementor-element-2f338af elementor-section-boxed elementor-section-height-default elementor-section-height-default\" data-id=\"2f338af\" data-element_type=\"section\" data-e-type=\"section\">\n\t\t\t\t\t\t<div class=\"elementor-container elementor-column-gap-default\">\n\t\t\t\t\t<div class=\"elementor-column elementor-col-100 elementor-top-column elementor-element elementor-element-a038f41\" data-id=\"a038f41\" data-element_type=\"column\" data-e-type=\"column\">\n\t\t\t<div class=\"elementor-widget-wrap elementor-element-populated\">\n\t\t\t\t\t\t<div class=\"elementor-element elementor-element-51ef2aa elementor-widget-divider--view-line elementor-widget elementor-widget-divider\" data-id=\"51ef2aa\" data-element_type=\"widget\" data-e-type=\"widget\" data-widget_type=\"divider.default\">\n\t\t\t\t<div class=\"elementor-widget-container\">\n\t\t\t\t\t\t\t<div class=\"elementor-divider\">\n\t\t\t<span class=\"elementor-divider-separator\">\n\t\t\t\t\t\t<\/span>\n\t\t<\/div>\n\t\t\t\t\t\t<\/div>\n\t\t\t\t<\/div>\n\t\t\t\t\t<\/div>\n\t\t<\/div>\n\t\t\t\t\t<\/div>\n\t\t<\/section>\n\t\t\t\t<section class=\"elementor-section elementor-top-section elementor-element elementor-element-b014b72 elementor-section-boxed elementor-section-height-default elementor-section-height-default\" data-id=\"b014b72\" data-element_type=\"section\" data-e-type=\"section\">\n\t\t\t\t\t\t<div class=\"elementor-container elementor-column-gap-default\">\n\t\t\t\t\t<div class=\"elementor-column elementor-col-50 elementor-top-column elementor-element elementor-element-12eec41\" data-id=\"12eec41\" data-element_type=\"column\" data-e-type=\"column\">\n\t\t\t<div class=\"elementor-widget-wrap elementor-element-populated\">\n\t\t\t\t\t\t<div class=\"elementor-element elementor-element-8fc4163 elementor-widget elementor-widget-image\" data-id=\"8fc4163\" data-element_type=\"widget\" data-e-type=\"widget\" data-widget_type=\"image.default\">\n\t\t\t\t<div class=\"elementor-widget-container\">\n\t\t\t\t\t\t\t\t\t\t\t\t\t\t\t<img fetchpriority=\"high\" decoding=\"async\" width=\"812\" height=\"1181\" src=\"https:\/\/isabelbertelotpeintre.com\/wp-content\/uploads\/2022\/03\/Portrait-moi-Grille-allonge.jpg\" class=\"attachment-full size-full wp-image-686\" alt=\"\" srcset=\"https:\/\/isabelbertelotpeintre.com\/wp-content\/uploads\/2022\/03\/Portrait-moi-Grille-allonge.jpg 812w, https:\/\/isabelbertelotpeintre.com\/wp-content\/uploads\/2022\/03\/Portrait-moi-Grille-allonge-206x300.jpg 206w, https:\/\/isabelbertelotpeintre.com\/wp-content\/uploads\/2022\/03\/Portrait-moi-Grille-allonge-704x1024.jpg 704w, https:\/\/isabelbertelotpeintre.com\/wp-content\/uploads\/2022\/03\/Portrait-moi-Grille-allonge-768x1117.jpg 768w\" sizes=\"100vw\" \/>\t\t\t\t\t\t\t\t\t\t\t\t\t\t\t<\/div>\n\t\t\t\t<\/div>\n\t\t\t\t\t<\/div>\n\t\t<\/div>\n\t\t\t\t<div class=\"elementor-column elementor-col-50 elementor-top-column elementor-element elementor-element-0d29c9b\" data-id=\"0d29c9b\" data-element_type=\"column\" data-e-type=\"column\">\n\t\t\t<div class=\"elementor-widget-wrap elementor-element-populated\">\n\t\t\t\t\t\t<div class=\"elementor-element elementor-element-e000b0b elementor-drop-cap-yes elementor-drop-cap-view-default elementor-widget elementor-widget-text-editor\" data-id=\"e000b0b\" data-element_type=\"widget\" data-e-type=\"widget\" data-settings=\"{&quot;drop_cap&quot;:&quot;yes&quot;}\" data-widget_type=\"text-editor.default\">\n\t\t\t\t<div class=\"elementor-widget-container\">\n\t\t\t\t\t\t\t\t\t<p style=\"text-align: left;\"><em><span style=\"font-family: 'trebuchet ms', geneva;\"><span style=\"font-size: 12pt;\">Sur une technique \u00e0 base de pigments purs en poudre, <br \/>mats, profonds comme du velours, Isabel Bertelot peint<br \/><\/span><span style=\"font-size: 12pt;\">de grandes toiles abstraites de couleur vives, souvent s\u00e9rielles, \u00e0 la lisi\u00e8re\u00a0du figuratif, incrust\u00e9es de photos <br \/>et\u00a0d&#8217;id\u00e9ogrammes asiatiques.\u00a0<\/span><\/span><span style=\"font-size: 12pt; font-family: 'trebuchet ms', geneva;\">Plus r\u00e9cemment, l&#8217;usage <br \/>des r\u00e9sines Epoxy apporte une profondeur et un \u00e9clat suppl\u00e9mentaire, comme des vitraux glossy, sur des patines d\u00e9j\u00e0 tr\u00e8s travaill\u00e9es. Des panneaux s&#8217;entr&#8217;ouvent comme <br \/>des retables , d\u00e9voilant ainsi l&#8217;envers du d\u00e9cor, via des <br \/>jeux de miroir hybridant les diff\u00e9rents m\u00e9diums qu&#8217;elle affectionne (Peinture, Photo, Graphisme, Dessin), au gr\u00e9 <br \/>de sa fantaisie\u00a0<\/span><span style=\"font-family: 'trebuchet ms', geneva;\"><span style=\"font-size: 12pt;\">et son imaginaire.\u00a0<\/span><\/span><span style=\"font-size: 12pt; font-family: 'trebuchet ms', geneva;\">Elle nous emm\u00e8ne ainsi <br \/>vers <\/span><span style=\"font-size: 12pt; font-family: 'trebuchet ms', geneva;\">l&#8217;exploration d&#8217;un nouveau champ plasticien, entre <br \/>le visible, <\/span><span style=\"font-size: 12pt; font-family: 'trebuchet ms', geneva;\">le cach\u00e9 et l&#8217;entrevu &#8230;\u00a0<br \/><\/span><span style=\"font-size: 12pt; font-family: 'trebuchet ms', geneva;\">Sa derni\u00e8re s\u00e9rie, Bestiaire &amp; autres Chim\u00e8res, aux sources\u00a0<br \/>des cr\u00e9atures l\u00e9gendaires <\/span><span style=\"font-size: 12pt; font-family: 'trebuchet ms', geneva;\">et composites, propose\u00a0\u00e0 notre perception une troisi\u00e8me dimension esth\u00e9tique, comme <br \/>une invitation au voyage,\u00a0<\/span><span style=\"font-size: 12pt; font-family: 'trebuchet ms', geneva;\">au coeur de l&#8217;animalit\u00e9 et du fantastique transpos\u00e9. \u00a0 \u00a0 \u00a0 \u00a0 \u00a0 \u00a0 \u00a0 (<span style=\"font-size: 10pt; font-family: 'trebuchet ms', geneva;\">Marie Colas\/D.A Frigos Factory)<\/span><br \/><\/span><\/em><\/p>\t\t\t\t\t\t\t\t<\/div>\n\t\t\t\t<\/div>\n\t\t\t\t\t<\/div>\n\t\t<\/div>\n\t\t\t\t\t<\/div>\n\t\t<\/section>\n\t\t\t\t<section class=\"elementor-section elementor-top-section elementor-element elementor-element-a555d77 elementor-section-boxed elementor-section-height-default elementor-section-height-default\" data-id=\"a555d77\" data-element_type=\"section\" data-e-type=\"section\">\n\t\t\t\t\t\t<div class=\"elementor-container elementor-column-gap-default\">\n\t\t\t\t\t<div class=\"elementor-column elementor-col-100 elementor-top-column elementor-element elementor-element-f895ea8\" data-id=\"f895ea8\" data-element_type=\"column\" data-e-type=\"column\">\n\t\t\t<div class=\"elementor-widget-wrap elementor-element-populated\">\n\t\t\t\t\t\t<div class=\"elementor-element elementor-element-1b2ef67 elementor-widget elementor-widget-spacer\" data-id=\"1b2ef67\" data-element_type=\"widget\" data-e-type=\"widget\" data-widget_type=\"spacer.default\">\n\t\t\t\t<div class=\"elementor-widget-container\">\n\t\t\t\t\t\t\t<div class=\"elementor-spacer\">\n\t\t\t<div class=\"elementor-spacer-inner\"><\/div>\n\t\t<\/div>\n\t\t\t\t\t\t<\/div>\n\t\t\t\t<\/div>\n\t\t\t\t\t<\/div>\n\t\t<\/div>\n\t\t\t\t\t<\/div>\n\t\t<\/section>\n\t\t\t\t<section class=\"elementor-section elementor-top-section elementor-element elementor-element-98cc8a7 elementor-section-boxed elementor-section-height-default elementor-section-height-default\" data-id=\"98cc8a7\" data-element_type=\"section\" data-e-type=\"section\">\n\t\t\t\t\t\t<div class=\"elementor-container elementor-column-gap-default\">\n\t\t\t\t\t<div class=\"elementor-column elementor-col-50 elementor-top-column elementor-element elementor-element-25492bf\" data-id=\"25492bf\" data-element_type=\"column\" data-e-type=\"column\">\n\t\t\t<div class=\"elementor-widget-wrap elementor-element-populated\">\n\t\t\t\t\t\t<div class=\"elementor-element elementor-element-85a8ce2 elementor-widget elementor-widget-text-editor\" data-id=\"85a8ce2\" data-element_type=\"widget\" data-e-type=\"widget\" data-widget_type=\"text-editor.default\">\n\t\t\t\t<div class=\"elementor-widget-container\">\n\t\t\t\t\t\t\t\t\t<p><strong><span style=\"font-family: verdana, geneva;\">Parcours<\/span><\/strong><\/p>\t\t\t\t\t\t\t\t<\/div>\n\t\t\t\t<\/div>\n\t\t\t\t\t<\/div>\n\t\t<\/div>\n\t\t\t\t<div class=\"elementor-column elementor-col-50 elementor-top-column elementor-element elementor-element-40647be\" data-id=\"40647be\" data-element_type=\"column\" data-e-type=\"column\">\n\t\t\t<div class=\"elementor-widget-wrap\">\n\t\t\t\t\t\t\t<\/div>\n\t\t<\/div>\n\t\t\t\t\t<\/div>\n\t\t<\/section>\n\t\t\t\t<section class=\"elementor-section elementor-top-section elementor-element elementor-element-21cdb0b elementor-section-boxed elementor-section-height-default elementor-section-height-default\" data-id=\"21cdb0b\" data-element_type=\"section\" data-e-type=\"section\">\n\t\t\t\t\t\t<div class=\"elementor-container elementor-column-gap-default\">\n\t\t\t\t\t<div class=\"elementor-column elementor-col-100 elementor-top-column elementor-element elementor-element-a54d505\" data-id=\"a54d505\" data-element_type=\"column\" data-e-type=\"column\">\n\t\t\t<div class=\"elementor-widget-wrap elementor-element-populated\">\n\t\t\t\t\t\t<div class=\"elementor-element elementor-element-602ab50 elementor-widget-divider--view-line elementor-widget elementor-widget-divider\" data-id=\"602ab50\" data-element_type=\"widget\" data-e-type=\"widget\" data-widget_type=\"divider.default\">\n\t\t\t\t<div class=\"elementor-widget-container\">\n\t\t\t\t\t\t\t<div class=\"elementor-divider\">\n\t\t\t<span class=\"elementor-divider-separator\">\n\t\t\t\t\t\t<\/span>\n\t\t<\/div>\n\t\t\t\t\t\t<\/div>\n\t\t\t\t<\/div>\n\t\t\t\t\t<\/div>\n\t\t<\/div>\n\t\t\t\t\t<\/div>\n\t\t<\/section>\n\t\t\t\t<section class=\"elementor-section elementor-top-section elementor-element elementor-element-0023cdc elementor-section-boxed elementor-section-height-default elementor-section-height-default\" data-id=\"0023cdc\" data-element_type=\"section\" data-e-type=\"section\">\n\t\t\t\t\t\t<div class=\"elementor-container elementor-column-gap-default\">\n\t\t\t\t\t<div class=\"elementor-column elementor-col-100 elementor-top-column elementor-element elementor-element-c6e35c0\" data-id=\"c6e35c0\" data-element_type=\"column\" data-e-type=\"column\">\n\t\t\t<div class=\"elementor-widget-wrap elementor-element-populated\">\n\t\t\t\t\t\t<div class=\"elementor-element elementor-element-e624e12 elementor-widget elementor-widget-text-editor\" data-id=\"e624e12\" data-element_type=\"widget\" data-e-type=\"widget\" data-widget_type=\"text-editor.default\">\n\t\t\t\t<div class=\"elementor-widget-container\">\n\t\t\t\t\t\t\t\t\t<p><span style=\"color: #ff0000;\"><strong><em>&#8221; J\u2019ai toujours voulu \u00eatre une artiste \u2026 &#8220;<\/em>\u00a0 <\/strong><\/span>\u00a0(air connu)\u00a0<\/p><p><strong>Premi\u00e8res amours<\/strong>\u00a0: le Dessin, le Cin\u00e9 et le Fantastique.<br \/>1<sup>er<\/sup> court m\u00e9trage autoproduit \u00e0 16 ans sur <em>Musidora<\/em>, une muse du cin\u00e9ma muet gothique.<\/p><p><strong>3 ans d\u2019\u00e9tudes de Cin\u00e9ma et d\u2019Audiovisuel<\/strong>\/Sorbonne Nouvelle, Paris<br \/>Ma\u00eetrise\u00a0<em>le Fantastique Po\u00e9tique au Cin\u00e9ma.<\/em><strong>\u00a0<\/strong><\/p><p><strong>La vraie vie\u00a0:\u00a0<br \/><\/strong><strong>.\u00a0<\/strong>10 ans de cin\u00e9ma comme r\u00e9alisatrice et technicienne, j\u2019ai ador\u00e9 \u00e7a\u00a0!<br \/>. 10 ans de Graphisme\/ PAO, d\u00e9couverte des Frigos, un monde en soi. J\u2019y installe mon atelier.<br \/>. 15 ans de Peinture (expositions \u00e0 Paris, en France ou \u00e0 l\u2019\u00e9tranger, des r\u00e9sidences d\u2019artiste).\u00a0<br \/>Et en parall\u00e8le, la belle aventure de l\u2019Aiguillage galerie, partag\u00e9e avec ma soeur et des ami.e.s,\u00a0<br \/>pour animer de concert une galerie atypique aux Frigos, ax\u00e9e sur les Arts Visuels.<\/p><p><strong>Ces cinq derni\u00e8res ann\u00e9es <\/strong>:\u00a0je m&#8217;occupe de la direction artistique de la galerie, de monter<br \/>les expositions et mettre en valeur les oeuvres d&#8217;autrui, de porter des projets, tout en peaufinant <br \/>\u00e0 c\u00f4t\u00e9 des pratiques de Dessin et de Photographie Urbaine.<\/p><p><strong>Aujourd&#8217;hui<\/strong> : \u00a0je d\u00e9veloppe des commissariats d\u2019art avec des partenaires ext\u00e9rieurs, afin de mettre<br \/>mettre en r\u00e9sonance diff\u00e9rents m\u00e9diums, disciplines et comp\u00e9tences, entre mes propres inspirations <br \/>et celles d\u2019autres cr\u00e9ateurs\/plasticiens des Arts Visuels, au sens le plus large\u00a0(du pari\u00e9tal \u00e0 la 3 D\u00a0!), <br \/>pour proposer des \u00e9v\u00e9nement artistiques mutim\u00e9dias, contemporains et attractifs.<\/p>\t\t\t\t\t\t\t\t<\/div>\n\t\t\t\t<\/div>\n\t\t\t\t\t<\/div>\n\t\t<\/div>\n\t\t\t\t\t<\/div>\n\t\t<\/section>\n\t\t\t\t<section class=\"elementor-section elementor-top-section elementor-element elementor-element-a2d3f87 elementor-section-boxed elementor-section-height-default elementor-section-height-default\" data-id=\"a2d3f87\" data-element_type=\"section\" data-e-type=\"section\">\n\t\t\t\t\t\t<div class=\"elementor-container elementor-column-gap-default\">\n\t\t\t\t\t<div class=\"elementor-column elementor-col-100 elementor-top-column elementor-element elementor-element-485dda5\" data-id=\"485dda5\" data-element_type=\"column\" data-e-type=\"column\">\n\t\t\t<div class=\"elementor-widget-wrap elementor-element-populated\">\n\t\t\t\t\t\t<div class=\"elementor-element elementor-element-e4cc739 elementor-grid-6 elementor-grid-tablet-2 elementor-grid-mobile-1 elementor-widget elementor-widget-portfolio\" data-id=\"e4cc739\" data-element_type=\"widget\" data-e-type=\"widget\" data-settings=\"{&quot;columns&quot;:&quot;6&quot;,&quot;columns_tablet&quot;:&quot;2&quot;,&quot;columns_mobile&quot;:&quot;1&quot;,&quot;item_ratio&quot;:{&quot;unit&quot;:&quot;px&quot;,&quot;size&quot;:0.66,&quot;sizes&quot;:[]},&quot;item_gap&quot;:{&quot;unit&quot;:&quot;px&quot;,&quot;size&quot;:&quot;&quot;,&quot;sizes&quot;:[]},&quot;row_gap&quot;:{&quot;unit&quot;:&quot;px&quot;,&quot;size&quot;:&quot;&quot;,&quot;sizes&quot;:[]}}\" data-widget_type=\"portfolio.default\">\n\t\t\t\t<div class=\"elementor-widget-container\">\n\t\t\t\t\t\t\t<div class=\"elementor-portfolio elementor-grid elementor-posts-container\">\n\t\t\t\t<article class=\"elementor-portfolio-item elementor-post  post-2141 post type-post status-publish format-standard hentry category-uncategorized\">\n\t\t\t<a class=\"elementor-post__thumbnail__link\" href=\"https:\/\/isabelbertelotpeintre.com\/?p=2141\">\n\t\t\t\t<div class=\"elementor-portfolio-item__img elementor-post__thumbnail\">\n\t\t\t\t\t<\/div>\n\t\t\t\t<div class=\"elementor-portfolio-item__overlay\">\n\t\t\t\t<h3 class=\"elementor-portfolio-item__title\">\n\t\tPiscine Jos\u00e9phine Baker\t\t<\/h3>\n\t\t\t\t<\/div>\n\t\t\t\t<\/a>\n\t\t<\/article>\n\t\t\t\t<\/div>\n\t\t\t\t\t\t<\/div>\n\t\t\t\t<\/div>\n\t\t\t\t\t<\/div>\n\t\t<\/div>\n\t\t\t\t\t<\/div>\n\t\t<\/section>\n\t\t\t\t<\/div>\n\t\t","protected":false},"excerpt":{"rendered":"<p>Style Sur une technique \u00e0 base de pigments purs en poudre, mats, profonds comme du velours, Isabel Bertelot peintde grandes toiles abstraites de couleur vives, souvent s\u00e9rielles, \u00e0 la lisi\u00e8re\u00a0du figuratif, incrust\u00e9es de photos et\u00a0d&#8217;id\u00e9ogrammes asiatiques.\u00a0Plus r\u00e9cemment, l&#8217;usage des r\u00e9sines Epoxy apporte une profondeur et un \u00e9clat suppl\u00e9mentaire, comme des vitraux glossy, sur des patines &hellip; <\/p>\n<p class=\"link-more\"><a href=\"https:\/\/isabelbertelotpeintre.com\/?p=2141\" class=\"more-link\">Read more<span class=\"screen-reader-text\"> &#8220;Piscine Jos\u00e9phine Baker&#8221;<\/span><\/a><\/p>\n","protected":false},"author":1,"featured_media":0,"parent":0,"menu_order":0,"comment_status":"closed","ping_status":"closed","template":"","meta":{"om_disable_all_campaigns":false,"_monsterinsights_skip_tracking":false,"_monsterinsights_sitenote_active":false,"_monsterinsights_sitenote_note":"","_monsterinsights_sitenote_category":0,"footnotes":""},"class_list":["post-773","page","type-page","status-publish","hentry"],"aioseo_notices":[],"_links":{"self":[{"href":"https:\/\/isabelbertelotpeintre.com\/index.php?rest_route=\/wp\/v2\/pages\/773","targetHints":{"allow":["GET"]}}],"collection":[{"href":"https:\/\/isabelbertelotpeintre.com\/index.php?rest_route=\/wp\/v2\/pages"}],"about":[{"href":"https:\/\/isabelbertelotpeintre.com\/index.php?rest_route=\/wp\/v2\/types\/page"}],"author":[{"embeddable":true,"href":"https:\/\/isabelbertelotpeintre.com\/index.php?rest_route=\/wp\/v2\/users\/1"}],"replies":[{"embeddable":true,"href":"https:\/\/isabelbertelotpeintre.com\/index.php?rest_route=%2Fwp%2Fv2%2Fcomments&post=773"}],"version-history":[{"count":16,"href":"https:\/\/isabelbertelotpeintre.com\/index.php?rest_route=\/wp\/v2\/pages\/773\/revisions"}],"predecessor-version":[{"id":825,"href":"https:\/\/isabelbertelotpeintre.com\/index.php?rest_route=\/wp\/v2\/pages\/773\/revisions\/825"}],"wp:attachment":[{"href":"https:\/\/isabelbertelotpeintre.com\/index.php?rest_route=%2Fwp%2Fv2%2Fmedia&parent=773"}],"curies":[{"name":"wp","href":"https:\/\/api.w.org\/{rel}","templated":true}]}}