{"id":564,"date":"2022-03-01T18:31:56","date_gmt":"2022-03-01T18:31:56","guid":{"rendered":"http:\/\/isabelbertelotpeintre.com\/?page_id=564"},"modified":"2023-10-21T20:13:43","modified_gmt":"2023-10-21T20:13:43","slug":"aventures-des-toiles","status":"publish","type":"page","link":"https:\/\/isabelbertelotpeintre.com\/?page_id=564","title":{"rendered":"Aventures des Toiles"},"content":{"rendered":"\t\t<div data-elementor-type=\"wp-page\" data-elementor-id=\"564\" class=\"elementor elementor-564\" data-elementor-post-type=\"page\">\n\t\t\t\t\t\t<section class=\"elementor-section elementor-top-section elementor-element elementor-element-9764abb elementor-section-boxed elementor-section-height-default elementor-section-height-default\" data-id=\"9764abb\" data-element_type=\"section\" data-e-type=\"section\">\n\t\t\t\t\t\t<div class=\"elementor-container elementor-column-gap-default\">\n\t\t\t\t\t<div class=\"elementor-column elementor-col-100 elementor-top-column elementor-element elementor-element-f13546f\" data-id=\"f13546f\" data-element_type=\"column\" data-e-type=\"column\">\n\t\t\t<div class=\"elementor-widget-wrap elementor-element-populated\">\n\t\t\t\t\t\t<div class=\"elementor-element elementor-element-7d4389d elementor-widget elementor-widget-heading\" data-id=\"7d4389d\" data-element_type=\"widget\" data-e-type=\"widget\" data-widget_type=\"heading.default\">\n\t\t\t\t<div class=\"elementor-widget-container\">\n\t\t\t\t\t<h3 class=\"elementor-heading-title elementor-size-default\">AVENTURE D'AVENTURES DES TOILES<br>une collection de pr\u00eat-\u00e0-porter pas comme les autres ...<\/h3>\t\t\t\t<\/div>\n\t\t\t\t<\/div>\n\t\t\t\t<div class=\"elementor-element elementor-element-c3da87f elementor-widget elementor-widget-image\" data-id=\"c3da87f\" data-element_type=\"widget\" data-e-type=\"widget\" data-widget_type=\"image.default\">\n\t\t\t\t<div class=\"elementor-widget-container\">\n\t\t\t\t\t\t\t\t\t\t\t\t\t\t\t<img fetchpriority=\"high\" decoding=\"async\" width=\"472\" height=\"354\" src=\"https:\/\/isabelbertelotpeintre.com\/wp-content\/uploads\/2022\/03\/IMG_0582-.jpg\" class=\"attachment-large size-large wp-image-891\" alt=\"\" srcset=\"https:\/\/isabelbertelotpeintre.com\/wp-content\/uploads\/2022\/03\/IMG_0582-.jpg 472w, https:\/\/isabelbertelotpeintre.com\/wp-content\/uploads\/2022\/03\/IMG_0582--300x225.jpg 300w\" sizes=\"100vw\" \/>\t\t\t\t\t\t\t\t\t\t\t\t\t\t\t<\/div>\n\t\t\t\t<\/div>\n\t\t\t\t<div class=\"elementor-element elementor-element-c2c81c2 elementor-widget elementor-widget-image\" data-id=\"c2c81c2\" data-element_type=\"widget\" data-e-type=\"widget\" data-widget_type=\"image.default\">\n\t\t\t\t<div class=\"elementor-widget-container\">\n\t\t\t\t\t\t\t\t\t\t\t\t\t\t\t<img decoding=\"async\" width=\"950\" height=\"721\" src=\"https:\/\/isabelbertelotpeintre.com\/wp-content\/uploads\/2022\/03\/IMG_0579-1024x777.jpg\" class=\"attachment-large size-large wp-image-904\" alt=\"\" srcset=\"https:\/\/isabelbertelotpeintre.com\/wp-content\/uploads\/2022\/03\/IMG_0579-1024x777.jpg 1024w, https:\/\/isabelbertelotpeintre.com\/wp-content\/uploads\/2022\/03\/IMG_0579-300x228.jpg 300w, https:\/\/isabelbertelotpeintre.com\/wp-content\/uploads\/2022\/03\/IMG_0579-768x583.jpg 768w, https:\/\/isabelbertelotpeintre.com\/wp-content\/uploads\/2022\/03\/IMG_0579-1536x1165.jpg 1536w, https:\/\/isabelbertelotpeintre.com\/wp-content\/uploads\/2022\/03\/IMG_0579.jpg 1623w\" sizes=\"100vw\" \/>\t\t\t\t\t\t\t\t\t\t\t\t\t\t\t<\/div>\n\t\t\t\t<\/div>\n\t\t\t\t\t<\/div>\n\t\t<\/div>\n\t\t\t\t\t<\/div>\n\t\t<\/section>\n\t\t\t\t<section class=\"elementor-section elementor-top-section elementor-element elementor-element-f045d34 elementor-section-boxed elementor-section-height-default elementor-section-height-default\" data-id=\"f045d34\" data-element_type=\"section\" data-e-type=\"section\">\n\t\t\t\t\t\t<div class=\"elementor-container elementor-column-gap-default\">\n\t\t\t\t\t<div class=\"elementor-column elementor-col-50 elementor-top-column elementor-element elementor-element-ec729d6\" data-id=\"ec729d6\" data-element_type=\"column\" data-e-type=\"column\">\n\t\t\t<div class=\"elementor-widget-wrap elementor-element-populated\">\n\t\t\t\t\t\t<div class=\"elementor-element elementor-element-8a8d850 elementor-widget elementor-widget-image\" data-id=\"8a8d850\" data-element_type=\"widget\" data-e-type=\"widget\" data-widget_type=\"image.default\">\n\t\t\t\t<div class=\"elementor-widget-container\">\n\t\t\t\t\t\t\t\t\t\t\t\t\t\t\t<img decoding=\"async\" width=\"472\" height=\"326\" src=\"https:\/\/isabelbertelotpeintre.com\/wp-content\/uploads\/2022\/03\/IMG_0548-.jpg\" class=\"attachment-large size-large wp-image-912\" alt=\"\" srcset=\"https:\/\/isabelbertelotpeintre.com\/wp-content\/uploads\/2022\/03\/IMG_0548-.jpg 472w, https:\/\/isabelbertelotpeintre.com\/wp-content\/uploads\/2022\/03\/IMG_0548--300x207.jpg 300w\" sizes=\"100vw\" \/>\t\t\t\t\t\t\t\t\t\t\t\t\t\t\t<\/div>\n\t\t\t\t<\/div>\n\t\t\t\t<div class=\"elementor-element elementor-element-c7842a2 elementor-widget elementor-widget-image\" data-id=\"c7842a2\" data-element_type=\"widget\" data-e-type=\"widget\" data-widget_type=\"image.default\">\n\t\t\t\t<div class=\"elementor-widget-container\">\n\t\t\t\t\t\t\t\t\t\t\t\t\t\t\t<img loading=\"lazy\" decoding=\"async\" width=\"750\" height=\"598\" src=\"https:\/\/isabelbertelotpeintre.com\/wp-content\/uploads\/2022\/03\/DSC02309-.jpg\" class=\"attachment-large size-large wp-image-928\" alt=\"\" srcset=\"https:\/\/isabelbertelotpeintre.com\/wp-content\/uploads\/2022\/03\/DSC02309-.jpg 750w, https:\/\/isabelbertelotpeintre.com\/wp-content\/uploads\/2022\/03\/DSC02309--300x239.jpg 300w\" sizes=\"100vw\" \/>\t\t\t\t\t\t\t\t\t\t\t\t\t\t\t<\/div>\n\t\t\t\t<\/div>\n\t\t\t\t\t<\/div>\n\t\t<\/div>\n\t\t\t\t<div class=\"elementor-column elementor-col-50 elementor-top-column elementor-element elementor-element-888f4c1\" data-id=\"888f4c1\" data-element_type=\"column\" data-e-type=\"column\">\n\t\t\t<div class=\"elementor-widget-wrap elementor-element-populated\">\n\t\t\t\t\t\t<div class=\"elementor-element elementor-element-9de6ab9 elementor-widget elementor-widget-text-editor\" data-id=\"9de6ab9\" data-element_type=\"widget\" data-e-type=\"widget\" data-widget_type=\"text-editor.default\">\n\t\t\t\t<div class=\"elementor-widget-container\">\n\t\t\t\t\t\t\t\t\t<p><em>&#8221; Une marque de pr\u00eat-\u00e0-porter qui ne travaille qu&#8217;avec des artistes, dont les toiles sont les vecteurs des collections,\u00a0avec \u00e0 chaque fois, <\/em><br \/><em>une vraie recherche esth\u00e9tique et technique, <\/em><br \/><em>pour d\u00e9cliner harmonieusement, ou en contrepoint<\/em><br \/><em>les motifs, les teintes, pour traduire l&#8217;esprit d&#8217;une oeuvre, la m\u00e9tamorphoser en textiles, v\u00eatements, chaussures, sacs ou accessoires de mode, <\/em><br \/><em>\u00e0 travers le savoir-faire des pays diff\u00e9rents. &#8221;\u00a0<\/em><\/p><p><span style=\"font-size: 15px;\">Fran\u00e7ois Gadrey, PDG et cr\u00e9ateur de la marque\u00a0<\/span><\/p>\t\t\t\t\t\t\t\t<\/div>\n\t\t\t\t<\/div>\n\t\t\t\t<div class=\"elementor-element elementor-element-fc07595 elementor-widget elementor-widget-image\" data-id=\"fc07595\" data-element_type=\"widget\" data-e-type=\"widget\" data-widget_type=\"image.default\">\n\t\t\t\t<div class=\"elementor-widget-container\">\n\t\t\t\t\t\t\t\t\t\t\t\t\t\t\t<img loading=\"lazy\" decoding=\"async\" width=\"472\" height=\"354\" src=\"https:\/\/isabelbertelotpeintre.com\/wp-content\/uploads\/2022\/03\/INAUG-AT-2411-.jpg\" class=\"attachment-large size-large wp-image-911\" alt=\"\" srcset=\"https:\/\/isabelbertelotpeintre.com\/wp-content\/uploads\/2022\/03\/INAUG-AT-2411-.jpg 472w, https:\/\/isabelbertelotpeintre.com\/wp-content\/uploads\/2022\/03\/INAUG-AT-2411--300x225.jpg 300w\" sizes=\"100vw\" \/>\t\t\t\t\t\t\t\t\t\t\t\t\t\t\t<\/div>\n\t\t\t\t<\/div>\n\t\t\t\t\t<\/div>\n\t\t<\/div>\n\t\t\t\t\t<\/div>\n\t\t<\/section>\n\t\t\t\t<section class=\"elementor-section elementor-top-section elementor-element elementor-element-6f141a3 elementor-section-boxed elementor-section-height-default elementor-section-height-default\" data-id=\"6f141a3\" data-element_type=\"section\" data-e-type=\"section\">\n\t\t\t\t\t\t<div class=\"elementor-container elementor-column-gap-default\">\n\t\t\t\t\t<div class=\"elementor-column elementor-col-100 elementor-top-column elementor-element elementor-element-344fd03\" data-id=\"344fd03\" data-element_type=\"column\" data-e-type=\"column\">\n\t\t\t<div class=\"elementor-widget-wrap elementor-element-populated\">\n\t\t\t\t\t\t<div class=\"elementor-element elementor-element-bc0d879 elementor-widget elementor-widget-image\" data-id=\"bc0d879\" data-element_type=\"widget\" data-e-type=\"widget\" data-widget_type=\"image.default\">\n\t\t\t\t<div class=\"elementor-widget-container\">\n\t\t\t\t\t\t\t\t\t\t\t\t\t\t\t<img loading=\"lazy\" decoding=\"async\" width=\"936\" height=\"651\" src=\"https:\/\/isabelbertelotpeintre.com\/wp-content\/uploads\/2022\/03\/DSC02316.jpg\" class=\"attachment-large size-large wp-image-938\" alt=\"\" srcset=\"https:\/\/isabelbertelotpeintre.com\/wp-content\/uploads\/2022\/03\/DSC02316.jpg 936w, https:\/\/isabelbertelotpeintre.com\/wp-content\/uploads\/2022\/03\/DSC02316-300x209.jpg 300w, https:\/\/isabelbertelotpeintre.com\/wp-content\/uploads\/2022\/03\/DSC02316-768x534.jpg 768w\" sizes=\"100vw\" \/>\t\t\t\t\t\t\t\t\t\t\t\t\t\t\t<\/div>\n\t\t\t\t<\/div>\n\t\t\t\t\t<\/div>\n\t\t<\/div>\n\t\t\t\t\t<\/div>\n\t\t<\/section>\n\t\t\t\t<section class=\"elementor-section elementor-top-section elementor-element elementor-element-5ee8a81 elementor-section-boxed elementor-section-height-default elementor-section-height-default\" data-id=\"5ee8a81\" data-element_type=\"section\" data-e-type=\"section\">\n\t\t\t\t\t\t<div class=\"elementor-container elementor-column-gap-default\">\n\t\t\t\t\t<div class=\"elementor-column elementor-col-50 elementor-top-column elementor-element elementor-element-1358e1a\" data-id=\"1358e1a\" data-element_type=\"column\" data-e-type=\"column\">\n\t\t\t<div class=\"elementor-widget-wrap elementor-element-populated\">\n\t\t\t\t\t\t<div class=\"elementor-element elementor-element-6cfa537 elementor-widget elementor-widget-image\" data-id=\"6cfa537\" data-element_type=\"widget\" data-e-type=\"widget\" data-widget_type=\"image.default\">\n\t\t\t\t<div class=\"elementor-widget-container\">\n\t\t\t\t\t\t\t\t\t\t\t\t\t\t\t<img loading=\"lazy\" decoding=\"async\" width=\"950\" height=\"639\" src=\"https:\/\/isabelbertelotpeintre.com\/wp-content\/uploads\/2022\/03\/Planche-LE-LION-ROUGE-ET-VERT-visuel-1024x689.jpg\" class=\"attachment-large size-large wp-image-939\" alt=\"\" srcset=\"https:\/\/isabelbertelotpeintre.com\/wp-content\/uploads\/2022\/03\/Planche-LE-LION-ROUGE-ET-VERT-visuel-1024x689.jpg 1024w, https:\/\/isabelbertelotpeintre.com\/wp-content\/uploads\/2022\/03\/Planche-LE-LION-ROUGE-ET-VERT-visuel-300x202.jpg 300w, https:\/\/isabelbertelotpeintre.com\/wp-content\/uploads\/2022\/03\/Planche-LE-LION-ROUGE-ET-VERT-visuel-768x517.jpg 768w, https:\/\/isabelbertelotpeintre.com\/wp-content\/uploads\/2022\/03\/Planche-LE-LION-ROUGE-ET-VERT-visuel.jpg 1194w\" sizes=\"100vw\" \/>\t\t\t\t\t\t\t\t\t\t\t\t\t\t\t<\/div>\n\t\t\t\t<\/div>\n\t\t\t\t\t<\/div>\n\t\t<\/div>\n\t\t\t\t<div class=\"elementor-column elementor-col-50 elementor-top-column elementor-element elementor-element-2184eb6\" data-id=\"2184eb6\" data-element_type=\"column\" data-e-type=\"column\">\n\t\t\t<div class=\"elementor-widget-wrap elementor-element-populated\">\n\t\t\t\t\t\t<div class=\"elementor-element elementor-element-9be9cba elementor-widget elementor-widget-image\" data-id=\"9be9cba\" data-element_type=\"widget\" data-e-type=\"widget\" data-widget_type=\"image.default\">\n\t\t\t\t<div class=\"elementor-widget-container\">\n\t\t\t\t\t\t\t\t\t\t\t\t\t\t\t<img loading=\"lazy\" decoding=\"async\" width=\"950\" height=\"639\" src=\"https:\/\/isabelbertelotpeintre.com\/wp-content\/uploads\/2022\/03\/Planche-LE-LION-ROUGE-ET-VERT-1024x689.jpg\" class=\"attachment-large size-large wp-image-940\" alt=\"\" srcset=\"https:\/\/isabelbertelotpeintre.com\/wp-content\/uploads\/2022\/03\/Planche-LE-LION-ROUGE-ET-VERT-1024x689.jpg 1024w, https:\/\/isabelbertelotpeintre.com\/wp-content\/uploads\/2022\/03\/Planche-LE-LION-ROUGE-ET-VERT-300x202.jpg 300w, https:\/\/isabelbertelotpeintre.com\/wp-content\/uploads\/2022\/03\/Planche-LE-LION-ROUGE-ET-VERT-768x517.jpg 768w, https:\/\/isabelbertelotpeintre.com\/wp-content\/uploads\/2022\/03\/Planche-LE-LION-ROUGE-ET-VERT.jpg 1194w\" sizes=\"100vw\" \/>\t\t\t\t\t\t\t\t\t\t\t\t\t\t\t<\/div>\n\t\t\t\t<\/div>\n\t\t\t\t\t<\/div>\n\t\t<\/div>\n\t\t\t\t\t<\/div>\n\t\t<\/section>\n\t\t\t\t<section class=\"elementor-section elementor-top-section elementor-element elementor-element-b3f5d92 elementor-section-boxed elementor-section-height-default elementor-section-height-default\" data-id=\"b3f5d92\" data-element_type=\"section\" data-e-type=\"section\">\n\t\t\t\t\t\t<div class=\"elementor-container elementor-column-gap-default\">\n\t\t\t\t\t<div class=\"elementor-column elementor-col-100 elementor-top-column elementor-element elementor-element-b31d216\" data-id=\"b31d216\" data-element_type=\"column\" data-e-type=\"column\">\n\t\t\t<div class=\"elementor-widget-wrap elementor-element-populated\">\n\t\t\t\t\t\t<div class=\"elementor-element elementor-element-26617bf elementor-widget elementor-widget-image\" data-id=\"26617bf\" data-element_type=\"widget\" data-e-type=\"widget\" data-widget_type=\"image.default\">\n\t\t\t\t<div class=\"elementor-widget-container\">\n\t\t\t\t\t\t\t\t\t\t\t\t\t\t\t<img loading=\"lazy\" decoding=\"async\" width=\"950\" height=\"950\" src=\"https:\/\/isabelbertelotpeintre.com\/wp-content\/uploads\/2022\/03\/DSC02186bis-1024x1024.jpg\" class=\"attachment-large size-large wp-image-945\" alt=\"\" srcset=\"https:\/\/isabelbertelotpeintre.com\/wp-content\/uploads\/2022\/03\/DSC02186bis-1024x1024.jpg 1024w, https:\/\/isabelbertelotpeintre.com\/wp-content\/uploads\/2022\/03\/DSC02186bis-300x300.jpg 300w, https:\/\/isabelbertelotpeintre.com\/wp-content\/uploads\/2022\/03\/DSC02186bis-150x150.jpg 150w, https:\/\/isabelbertelotpeintre.com\/wp-content\/uploads\/2022\/03\/DSC02186bis-768x768.jpg 768w, https:\/\/isabelbertelotpeintre.com\/wp-content\/uploads\/2022\/03\/DSC02186bis-1536x1536.jpg 1536w, https:\/\/isabelbertelotpeintre.com\/wp-content\/uploads\/2022\/03\/DSC02186bis-2048x2048.jpg 2048w, https:\/\/isabelbertelotpeintre.com\/wp-content\/uploads\/2022\/03\/DSC02186bis-2000x1999.jpg 2000w\" sizes=\"100vw\" \/>\t\t\t\t\t\t\t\t\t\t\t\t\t\t\t<\/div>\n\t\t\t\t<\/div>\n\t\t\t\t\t<\/div>\n\t\t<\/div>\n\t\t\t\t\t<\/div>\n\t\t<\/section>\n\t\t\t\t<section class=\"elementor-section elementor-top-section elementor-element elementor-element-7a120c5 elementor-section-boxed elementor-section-height-default elementor-section-height-default\" data-id=\"7a120c5\" data-element_type=\"section\" data-e-type=\"section\">\n\t\t\t\t\t\t<div class=\"elementor-container elementor-column-gap-default\">\n\t\t\t\t\t<div class=\"elementor-column elementor-col-50 elementor-top-column elementor-element elementor-element-efbc17b\" data-id=\"efbc17b\" data-element_type=\"column\" data-e-type=\"column\">\n\t\t\t<div class=\"elementor-widget-wrap elementor-element-populated\">\n\t\t\t\t\t\t<div class=\"elementor-element elementor-element-4d3765d elementor-widget elementor-widget-image\" data-id=\"4d3765d\" data-element_type=\"widget\" data-e-type=\"widget\" data-widget_type=\"image.default\">\n\t\t\t\t<div class=\"elementor-widget-container\">\n\t\t\t\t\t\t\t\t\t\t\t\t\t\t\t<img loading=\"lazy\" decoding=\"async\" width=\"950\" height=\"640\" src=\"https:\/\/isabelbertelotpeintre.com\/wp-content\/uploads\/2022\/06\/Planche-VERLAINE-1024x690.jpg\" class=\"attachment-large size-large wp-image-1554\" alt=\"\" srcset=\"https:\/\/isabelbertelotpeintre.com\/wp-content\/uploads\/2022\/06\/Planche-VERLAINE-1024x690.jpg 1024w, https:\/\/isabelbertelotpeintre.com\/wp-content\/uploads\/2022\/06\/Planche-VERLAINE-300x202.jpg 300w, https:\/\/isabelbertelotpeintre.com\/wp-content\/uploads\/2022\/06\/Planche-VERLAINE-768x518.jpg 768w, https:\/\/isabelbertelotpeintre.com\/wp-content\/uploads\/2022\/06\/Planche-VERLAINE.jpg 1194w\" sizes=\"100vw\" \/>\t\t\t\t\t\t\t\t\t\t\t\t\t\t\t<\/div>\n\t\t\t\t<\/div>\n\t\t\t\t\t<\/div>\n\t\t<\/div>\n\t\t\t\t<div class=\"elementor-column elementor-col-50 elementor-top-column elementor-element elementor-element-fe03259\" data-id=\"fe03259\" data-element_type=\"column\" data-e-type=\"column\">\n\t\t\t<div class=\"elementor-widget-wrap elementor-element-populated\">\n\t\t\t\t\t\t<div class=\"elementor-element elementor-element-2c57bb6 elementor-widget elementor-widget-image\" data-id=\"2c57bb6\" data-element_type=\"widget\" data-e-type=\"widget\" data-widget_type=\"image.default\">\n\t\t\t\t<div class=\"elementor-widget-container\">\n\t\t\t\t\t\t\t\t\t\t\t\t\t\t\t<img loading=\"lazy\" decoding=\"async\" width=\"950\" height=\"689\" src=\"https:\/\/isabelbertelotpeintre.com\/wp-content\/uploads\/2022\/06\/Planche-VERLAINE-visuels-1024x743.jpg\" class=\"attachment-large size-large wp-image-1555\" alt=\"\" srcset=\"https:\/\/isabelbertelotpeintre.com\/wp-content\/uploads\/2022\/06\/Planche-VERLAINE-visuels-1024x743.jpg 1024w, https:\/\/isabelbertelotpeintre.com\/wp-content\/uploads\/2022\/06\/Planche-VERLAINE-visuels-300x218.jpg 300w, https:\/\/isabelbertelotpeintre.com\/wp-content\/uploads\/2022\/06\/Planche-VERLAINE-visuels-768x557.jpg 768w, https:\/\/isabelbertelotpeintre.com\/wp-content\/uploads\/2022\/06\/Planche-VERLAINE-visuels.jpg 1191w\" sizes=\"100vw\" \/>\t\t\t\t\t\t\t\t\t\t\t\t\t\t\t<\/div>\n\t\t\t\t<\/div>\n\t\t\t\t\t<\/div>\n\t\t<\/div>\n\t\t\t\t\t<\/div>\n\t\t<\/section>\n\t\t\t\t<\/div>\n\t\t","protected":false},"excerpt":{"rendered":"<p>AVENTURE D&#8217;AVENTURES DES TOILESune collection de pr\u00eat-\u00e0-porter pas comme les autres &#8230; &#8221; Une marque de pr\u00eat-\u00e0-porter qui ne travaille qu&#8217;avec des artistes, dont les toiles sont les vecteurs des collections,\u00a0avec \u00e0 chaque fois, une vraie recherche esth\u00e9tique et technique, pour d\u00e9cliner harmonieusement, ou en contrepointles motifs, les teintes, pour traduire l&#8217;esprit d&#8217;une oeuvre, la &hellip; <\/p>\n<p class=\"link-more\"><a href=\"https:\/\/isabelbertelotpeintre.com\/?page_id=564\" class=\"more-link\">Read more<span class=\"screen-reader-text\"> &#8220;Aventures des Toiles&#8221;<\/span><\/a><\/p>\n","protected":false},"author":1,"featured_media":0,"parent":0,"menu_order":0,"comment_status":"closed","ping_status":"closed","template":"","meta":{"om_disable_all_campaigns":false,"_monsterinsights_skip_tracking":false,"_monsterinsights_sitenote_active":false,"_monsterinsights_sitenote_note":"","_monsterinsights_sitenote_category":0,"footnotes":""},"class_list":["post-564","page","type-page","status-publish","hentry"],"aioseo_notices":[],"_links":{"self":[{"href":"https:\/\/isabelbertelotpeintre.com\/index.php?rest_route=\/wp\/v2\/pages\/564","targetHints":{"allow":["GET"]}}],"collection":[{"href":"https:\/\/isabelbertelotpeintre.com\/index.php?rest_route=\/wp\/v2\/pages"}],"about":[{"href":"https:\/\/isabelbertelotpeintre.com\/index.php?rest_route=\/wp\/v2\/types\/page"}],"author":[{"embeddable":true,"href":"https:\/\/isabelbertelotpeintre.com\/index.php?rest_route=\/wp\/v2\/users\/1"}],"replies":[{"embeddable":true,"href":"https:\/\/isabelbertelotpeintre.com\/index.php?rest_route=%2Fwp%2Fv2%2Fcomments&post=564"}],"version-history":[{"count":47,"href":"https:\/\/isabelbertelotpeintre.com\/index.php?rest_route=\/wp\/v2\/pages\/564\/revisions"}],"predecessor-version":[{"id":2053,"href":"https:\/\/isabelbertelotpeintre.com\/index.php?rest_route=\/wp\/v2\/pages\/564\/revisions\/2053"}],"wp:attachment":[{"href":"https:\/\/isabelbertelotpeintre.com\/index.php?rest_route=%2Fwp%2Fv2%2Fmedia&parent=564"}],"curies":[{"name":"wp","href":"https:\/\/api.w.org\/{rel}","templated":true}]}}